{"id":122,"date":"2025-04-23T11:39:47","date_gmt":"2025-04-23T09:39:47","guid":{"rendered":"https:\/\/rbraltair.com\/europaservice\/?page_id=122"},"modified":"2025-12-01T15:38:28","modified_gmt":"2025-12-01T14:38:28","slug":"chi-siamo","status":"publish","type":"page","link":"https:\/\/www.europaservicefirenze.it\/index.php\/chi-siamo\/","title":{"rendered":"Chi Siamo"},"content":{"rendered":"<p>[et_pb_section fb_built=&#8221;1&#8243; _builder_version=&#8221;4.27.4&#8243; use_background_color_gradient=&#8221;on&#8221; background_color_gradient_direction=&#8221;45deg&#8221; background_color_gradient_stops=&#8221;rgba(29,38,0,0.85) 0%|rgba(29,38,0,0) 100%&#8221; background_color_gradient_overlays_image=&#8221;on&#8221; background_color_gradient_start=&#8221;rgba(29,38,0,0.85)&#8221; background_color_gradient_end=&#8221;rgba(29,38,0,0)&#8221; background_image=&#8221;https:\/\/www.europaservicefirenze.it\/wp-content\/uploads\/2025\/05\/chi-siamo1.png&#8221; custom_padding=&#8221;6vw|0px|6vw|0px|true|false&#8221; global_colors_info=&#8221;{}&#8221;][et_pb_row _builder_version=&#8221;4.16&#8243; global_colors_info=&#8221;{}&#8221;][et_pb_column type=&#8221;4_4&#8243; _builder_version=&#8221;4.16&#8243; custom_padding=&#8221;|||&#8221; global_colors_info=&#8221;{}&#8221; custom_padding__hover=&#8221;|||&#8221;][et_pb_text _builder_version=&#8221;4.27.4&#8243; text_font=&#8221;||||||||&#8221; text_font_size=&#8221;18px&#8221; text_line_height=&#8221;2em&#8221; ul_font=&#8221;||||||||&#8221; ol_font=&#8221;||||||||&#8221; header_font=&#8221;Cormorant Garamond|700|||||||&#8221; header_font_size=&#8221;60px&#8221; header_line_height=&#8221;1.2em&#8221; header_2_font=&#8221;||||||||&#8221; header_3_font=&#8221;||||||||&#8221; header_4_font=&#8221;||||||||&#8221; header_5_font=&#8221;||||||||&#8221; header_6_font=&#8221;||||||||&#8221; text_orientation=&#8221;center&#8221; background_layout=&#8221;dark&#8221; max_width=&#8221;600px&#8221; module_alignment=&#8221;center&#8221; custom_margin=&#8221;|||&#8221; text_font_size_tablet=&#8221;&#8221; text_font_size_phone=&#8221;16px&#8221; text_font_size_last_edited=&#8221;on|phone&#8221; header_font_size_tablet=&#8221;50px&#8221; header_font_size_phone=&#8221;40px&#8221; header_font_size_last_edited=&#8221;on|phone&#8221; locked=&#8221;off&#8221; global_colors_info=&#8221;{}&#8221;]<\/p>\n<h1>Chi Siamo<\/h1>\n<p>Oltre 30 anni di esperienza, al servizio della tua qualit\u00e0.<\/p>\n<p>[\/et_pb_text][\/et_pb_column][\/et_pb_row][\/et_pb_section][et_pb_section fb_built=&#8221;1&#8243; _builder_version=&#8221;4.27.4&#8243; _module_preset=&#8221;default&#8221; global_colors_info=&#8221;{}&#8221;][et_pb_row column_structure=&#8221;1_2,1_2&#8243; _builder_version=&#8221;4.27.4&#8243; _module_preset=&#8221;default&#8221; global_colors_info=&#8221;{}&#8221;][et_pb_column type=&#8221;1_2&#8243; _builder_version=&#8221;4.27.4&#8243; _module_preset=&#8221;default&#8221; global_colors_info=&#8221;{}&#8221;][et_pb_text _builder_version=&#8221;4.27.4&#8243; _module_preset=&#8221;default&#8221; global_colors_info=&#8221;{}&#8221;]<\/p>\n<h3 data-start=\"480\" data-end=\"584\">Europa Mugello Pulizie Service SRL: oltre 30 anni di esperienza nei servizi di pulizia professionale<\/h3>\n<p>&nbsp;<\/p>\n<p data-start=\"586\" data-end=\"983\">Dal 1998, <strong data-start=\"596\" data-end=\"622\">Europa Service Firenze<\/strong> \u00e8 sinonimo di affidabilit\u00e0 e qualit\u00e0 nel mondo delle <strong data-start=\"676\" data-end=\"708\">pulizie civili e industriali<\/strong>. Nel 2025 l\u2019azienda evolve e prende il nome di <strong data-start=\"756\" data-end=\"794\">Europa Mugello Pulizie Service SRL<\/strong>, ampliando la sua gamma di <strong data-start=\"822\" data-end=\"885\">servizi professionali per aziende, privati ed enti pubblici<\/strong> in tutta la Toscana, con particolare attenzione a <strong data-start=\"936\" data-end=\"982\">Firenze, il Mugello, Prato, Pistoia e Pisa<\/strong>.<\/p>\n<p data-start=\"985\" data-end=\"1125\">Siamo una <strong data-start=\"995\" data-end=\"1027\">impresa multiservizi a Firenze<\/strong> con una visione moderna: tecnologie avanzate, attenzione all\u2019ambiente e massima cura del cliente.<\/p>\n<hr data-start=\"1127\" data-end=\"1130\" \/>\n<h3 data-start=\"1132\" data-end=\"1151\">I nostri valori<\/h3>\n<ul data-start=\"1153\" data-end=\"1461\">\n<li data-start=\"1153\" data-end=\"1228\">\n<p data-start=\"1155\" data-end=\"1228\">\u2705 Oltre 30 anni di <strong data-start=\"1174\" data-end=\"1228\">esperienza nel settore delle pulizie professionali<\/strong><\/p>\n<\/li>\n<li data-start=\"1229\" data-end=\"1273\">\n<p data-start=\"1231\" data-end=\"1273\">\u2705 Team qualificato e formato costantemente<\/p>\n<\/li>\n<li data-start=\"1274\" data-end=\"1337\">\n<p data-start=\"1276\" data-end=\"1337\">\u2705 Attrezzature e prodotti certificati e di ultima generazione<\/p>\n<\/li>\n<li data-start=\"1338\" data-end=\"1397\">\n<p data-start=\"1340\" data-end=\"1397\">\u2705 Massima puntualit\u00e0, precisione e flessibilit\u00e0 operativa<\/p>\n<\/li>\n<li data-start=\"1398\" data-end=\"1461\">\n<p data-start=\"1400\" data-end=\"1461\">\u2705 Servizi personalizzati su misura delle esigenze del cliente<\/p>\n<\/li>\n<\/ul>\n<hr data-start=\"1463\" data-end=\"1466\" \/>\n<h3 data-start=\"1468\" data-end=\"1502\">I nostri servizi professionali<\/h3>\n<p data-start=\"1504\" data-end=\"1600\">Siamo specializzati in una vasta gamma di <strong data-start=\"1546\" data-end=\"1590\">servizi per la pulizia e la manutenzione<\/strong>, tra cui:<\/p>\n<ul data-start=\"1602\" data-end=\"2188\">\n<li data-start=\"1602\" data-end=\"1653\">\n<p data-start=\"1604\" data-end=\"1653\">\ud83e\uddfc <strong data-start=\"1607\" data-end=\"1653\">Pulizie condominiali, civili e industriali<\/strong><\/p>\n<\/li>\n<li data-start=\"1654\" data-end=\"1722\">\n<p data-start=\"1656\" data-end=\"1722\">\ud83e\uddfd <strong data-start=\"1659\" data-end=\"1684\">Trattamento pavimenti<\/strong>: marmo, cotto, granito, pietra serena<\/p>\n<\/li>\n<li data-start=\"1723\" data-end=\"1802\">\n<p data-start=\"1725\" data-end=\"1802\">\ud83c\udf3f <strong data-start=\"1728\" data-end=\"1764\">Giardinaggio a Firenze e Mugello<\/strong>, manutenzione parchi e verde pubblico<\/p>\n<\/li>\n<li data-start=\"1803\" data-end=\"1863\">\n<p data-start=\"1805\" data-end=\"1863\">\ud83e\uddf4 <strong data-start=\"1808\" data-end=\"1836\">Sanificazione ambientale<\/strong> e disinfezione certificata<\/p>\n<\/li>\n<li data-start=\"1864\" data-end=\"1918\">\n<p data-start=\"1866\" data-end=\"1918\">\ud83d\udd27 <strong data-start=\"1869\" data-end=\"1885\">Facchinaggio<\/strong>, sgomberi, trasporti e logistica<\/p>\n<\/li>\n<li data-start=\"1919\" data-end=\"1985\">\n<p data-start=\"1921\" data-end=\"1985\">\ud83c\udfd7\ufe0f <strong data-start=\"1925\" data-end=\"1966\">Ristrutturazioni e manutenzioni edili<\/strong> interne ed esterne<\/p>\n<\/li>\n<li data-start=\"1986\" data-end=\"2058\">\n<p data-start=\"1988\" data-end=\"2058\">\ud83e\uddf1 <strong data-start=\"1991\" data-end=\"2025\">Pulizia e trattamento facciate<\/strong>, rimozione graffiti e sabbiature<\/p>\n<\/li>\n<li data-start=\"2059\" data-end=\"2130\">\n<p data-start=\"2061\" data-end=\"2130\">\ud83e\uddf0 <strong data-start=\"2064\" data-end=\"2103\">Noleggio attrezzature professionali<\/strong> per pulizie e lavori edili<\/p>\n<\/li>\n<li data-start=\"2131\" data-end=\"2188\">\n<p data-start=\"2133\" data-end=\"2188\">\ud83d\uded2 <strong data-start=\"2136\" data-end=\"2188\">Noleggio di prodotti professionali per la pulizia<\/strong><\/p>\n<\/li>\n<\/ul>\n<hr data-start=\"2190\" data-end=\"2193\" \/>\n<h3 data-start=\"2195\" data-end=\"2258\">Il tuo partner ideale per pulizie e manutenzioni in Toscana<\/h3>\n<p data-start=\"2260\" data-end=\"2485\">Che tu abbia bisogno di un servizio urgente di pulizia post-cantiere, della cura di un giardino o della <strong data-start=\"2364\" data-end=\"2420\">cristallizzazione di un pavimento in marmo a Firenze<\/strong>, il nostro staff \u00e8 pronto ad aiutarti con competenza e velocit\u00e0.<\/p>\n<p>[\/et_pb_text][\/et_pb_column][et_pb_column type=&#8221;1_2&#8243; _builder_version=&#8221;4.27.4&#8243; _module_preset=&#8221;default&#8221; global_colors_info=&#8221;{}&#8221;][et_pb_contact_form email=&#8221;web@europaservicefirenze.it&#8221; title=&#8221;Contattaci per un preventivo gratuito o per una consulenza personalizzata&#8221; custom_message=&#8221;Nome: %%name%%||et_pb_line_break_holder||Telefono: %%telefono%%||et_pb_line_break_holder||Email: %%email%%||et_pb_line_break_holder||||et_pb_line_break_holder||Messaggio:||et_pb_line_break_holder||%%message%%&#8221; module_id=&#8221;et_pb_contact_form_0&#8243; _builder_version=&#8221;4.27.4&#8243; form_field_text_color=&#8221;rgba(0,0,0,0.29)&#8221; title_level=&#8221;h5&#8243; title_font=&#8221;|700||on|||||&#8221; title_font_size=&#8221;20px&#8221; title_line_height=&#8221;1.5em&#8221; form_field_font=&#8221;|600||on|||||&#8221; custom_button=&#8221;on&#8221; button_text_size=&#8221;16px&#8221; button_text_color=&#8221;#8db700&#8243; button_border_width=&#8221;0px&#8221; button_border_radius=&#8221;0px&#8221; button_font=&#8221;|700||on|||||&#8221; button_icon=&#8221;&#x24;||divi||400&#8243; button_on_hover=&#8221;off&#8221; custom_margin=&#8221;||||false|false&#8221; locked=&#8221;off&#8221; global_colors_info=&#8221;{}&#8221;][et_pb_contact_field field_id=&#8221;Name&#8221; field_title=&#8221;Nome&#8221; _builder_version=&#8221;4.27.4&#8243; global_colors_info=&#8221;{}&#8221; button_text_size__hover_enabled=&#8221;off&#8221; button_one_text_size__hover_enabled=&#8221;off&#8221; button_two_text_size__hover_enabled=&#8221;off&#8221; button_text_color__hover_enabled=&#8221;off&#8221; button_one_text_color__hover_enabled=&#8221;off&#8221; button_two_text_color__hover_enabled=&#8221;off&#8221; button_border_width__hover_enabled=&#8221;off&#8221; button_one_border_width__hover_enabled=&#8221;off&#8221; button_two_border_width__hover_enabled=&#8221;off&#8221; button_border_color__hover_enabled=&#8221;off&#8221; button_one_border_color__hover_enabled=&#8221;off&#8221; button_two_border_color__hover_enabled=&#8221;off&#8221; button_border_radius__hover_enabled=&#8221;off&#8221; button_one_border_radius__hover_enabled=&#8221;off&#8221; button_two_border_radius__hover_enabled=&#8221;off&#8221; button_letter_spacing__hover_enabled=&#8221;off&#8221; button_one_letter_spacing__hover_enabled=&#8221;off&#8221; button_two_letter_spacing__hover_enabled=&#8221;off&#8221; button_bg_color__hover_enabled=&#8221;off&#8221; button_one_bg_color__hover_enabled=&#8221;off&#8221; button_two_bg_color__hover_enabled=&#8221;off&#8221;][\/et_pb_contact_field][et_pb_contact_field field_id=&#8221;Telefono&#8221; field_title=&#8221;Telefono&#8221; _builder_version=&#8221;4.27.4&#8243; global_colors_info=&#8221;{}&#8221; button_text_size__hover_enabled=&#8221;off&#8221; button_one_text_size__hover_enabled=&#8221;off&#8221; button_two_text_size__hover_enabled=&#8221;off&#8221; button_text_color__hover_enabled=&#8221;off&#8221; button_one_text_color__hover_enabled=&#8221;off&#8221; button_two_text_color__hover_enabled=&#8221;off&#8221; button_border_width__hover_enabled=&#8221;off&#8221; button_one_border_width__hover_enabled=&#8221;off&#8221; button_two_border_width__hover_enabled=&#8221;off&#8221; button_border_color__hover_enabled=&#8221;off&#8221; button_one_border_color__hover_enabled=&#8221;off&#8221; button_two_border_color__hover_enabled=&#8221;off&#8221; button_border_radius__hover_enabled=&#8221;off&#8221; button_one_border_radius__hover_enabled=&#8221;off&#8221; button_two_border_radius__hover_enabled=&#8221;off&#8221; button_letter_spacing__hover_enabled=&#8221;off&#8221; button_one_letter_spacing__hover_enabled=&#8221;off&#8221; button_two_letter_spacing__hover_enabled=&#8221;off&#8221; button_bg_color__hover_enabled=&#8221;off&#8221; button_one_bg_color__hover_enabled=&#8221;off&#8221; button_two_bg_color__hover_enabled=&#8221;off&#8221;][\/et_pb_contact_field][et_pb_contact_field field_id=&#8221;Email&#8221; field_title=&#8221;Indirizzo email&#8221; field_type=&#8221;email&#8221; fullwidth_field=&#8221;on&#8221; _builder_version=&#8221;4.27.4&#8243; global_colors_info=&#8221;{}&#8221; button_text_size__hover_enabled=&#8221;off&#8221; button_one_text_size__hover_enabled=&#8221;off&#8221; button_two_text_size__hover_enabled=&#8221;off&#8221; button_text_color__hover_enabled=&#8221;off&#8221; button_one_text_color__hover_enabled=&#8221;off&#8221; button_two_text_color__hover_enabled=&#8221;off&#8221; button_border_width__hover_enabled=&#8221;off&#8221; button_one_border_width__hover_enabled=&#8221;off&#8221; button_two_border_width__hover_enabled=&#8221;off&#8221; button_border_color__hover_enabled=&#8221;off&#8221; button_one_border_color__hover_enabled=&#8221;off&#8221; button_two_border_color__hover_enabled=&#8221;off&#8221; button_border_radius__hover_enabled=&#8221;off&#8221; button_one_border_radius__hover_enabled=&#8221;off&#8221; button_two_border_radius__hover_enabled=&#8221;off&#8221; button_letter_spacing__hover_enabled=&#8221;off&#8221; button_one_letter_spacing__hover_enabled=&#8221;off&#8221; button_two_letter_spacing__hover_enabled=&#8221;off&#8221; button_bg_color__hover_enabled=&#8221;off&#8221; button_one_bg_color__hover_enabled=&#8221;off&#8221; button_two_bg_color__hover_enabled=&#8221;off&#8221;][\/et_pb_contact_field][et_pb_contact_field field_id=&#8221;Message&#8221; field_title=&#8221;Messaggio&#8221; field_type=&#8221;text&#8221; fullwidth_field=&#8221;on&#8221; _builder_version=&#8221;4.27.4&#8243; global_colors_info=&#8221;{}&#8221; button_text_size__hover_enabled=&#8221;off&#8221; button_one_text_size__hover_enabled=&#8221;off&#8221; button_two_text_size__hover_enabled=&#8221;off&#8221; button_text_color__hover_enabled=&#8221;off&#8221; button_one_text_color__hover_enabled=&#8221;off&#8221; button_two_text_color__hover_enabled=&#8221;off&#8221; button_border_width__hover_enabled=&#8221;off&#8221; button_one_border_width__hover_enabled=&#8221;off&#8221; button_two_border_width__hover_enabled=&#8221;off&#8221; button_border_color__hover_enabled=&#8221;off&#8221; button_one_border_color__hover_enabled=&#8221;off&#8221; button_two_border_color__hover_enabled=&#8221;off&#8221; button_border_radius__hover_enabled=&#8221;off&#8221; button_one_border_radius__hover_enabled=&#8221;off&#8221; button_two_border_radius__hover_enabled=&#8221;off&#8221; button_letter_spacing__hover_enabled=&#8221;off&#8221; button_one_letter_spacing__hover_enabled=&#8221;off&#8221; button_two_letter_spacing__hover_enabled=&#8221;off&#8221; button_bg_color__hover_enabled=&#8221;off&#8221; button_one_bg_color__hover_enabled=&#8221;off&#8221; button_two_bg_color__hover_enabled=&#8221;off&#8221;][\/et_pb_contact_field][\/et_pb_contact_form][\/et_pb_column][\/et_pb_row][\/et_pb_section]<\/p>\n","protected":false},"excerpt":{"rendered":"<p>Chi Siamo Oltre 30 anni di esperienza, al servizio della tua qualit\u00e0.Europa Mugello Pulizie Service SRL: oltre 30 anni di esperienza nei servizi di pulizia professionale &nbsp; Dal 1998, Europa Service Firenze \u00e8 sinonimo di affidabilit\u00e0 e qualit\u00e0 nel mondo delle pulizie civili e industriali. Nel 2025 l\u2019azienda evolve e prende il nome di Europa [&hellip;]<\/p>\n","protected":false},"author":1,"featured_media":0,"parent":0,"menu_order":0,"comment_status":"closed","ping_status":"closed","template":"","meta":{"_et_pb_use_builder":"on","_et_pb_old_content":"","_et_gb_content_width":"","footnotes":""},"class_list":["post-122","page","type-page","status-publish","hentry"],"yoast_head":"<!-- This site is optimized with the Yoast SEO plugin v26.4 - https:\/\/yoast.com\/wordpress\/plugins\/seo\/ -->\n<title>Chi Siamo - Europa Service<\/title>\n<meta name=\"description\" content=\"Mettiti in contatto con noi per scoprire i nostri servizi per aziende e privati\" \/>\n<meta name=\"robots\" content=\"index, follow, max-snippet:-1, max-image-preview:large, max-video-preview:-1\" \/>\n<link rel=\"canonical\" href=\"https:\/\/www.europaservicefirenze.it\/index.php\/chi-siamo\/\" \/>\n<meta property=\"og:locale\" content=\"it_IT\" \/>\n<meta property=\"og:type\" content=\"article\" \/>\n<meta property=\"og:title\" content=\"Chi Siamo - Europa Service\" \/>\n<meta property=\"og:description\" content=\"Mettiti in contatto con noi per scoprire i nostri servizi per aziende e privati\" \/>\n<meta property=\"og:url\" content=\"https:\/\/www.europaservicefirenze.it\/index.php\/chi-siamo\/\" \/>\n<meta property=\"og:site_name\" content=\"Europa Service\" \/>\n<meta property=\"article:publisher\" content=\"https:\/\/www.facebook.com\/europaservicefirenze\/\" \/>\n<meta property=\"article:modified_time\" content=\"2025-12-01T14:38:28+00:00\" \/>\n<meta name=\"twitter:card\" content=\"summary_large_image\" \/>\n<meta name=\"twitter:label1\" content=\"Tempo di lettura stimato\" \/>\n\t<meta name=\"twitter:data1\" content=\"2 minuti\" \/>\n<script type=\"application\/ld+json\" class=\"yoast-schema-graph\">{\"@context\":\"https:\/\/schema.org\",\"@graph\":[{\"@type\":\"WebPage\",\"@id\":\"https:\/\/www.europaservicefirenze.it\/index.php\/chi-siamo\/\",\"url\":\"https:\/\/www.europaservicefirenze.it\/index.php\/chi-siamo\/\",\"name\":\"Chi Siamo - Europa Service\",\"isPartOf\":{\"@id\":\"https:\/\/www.europaservicefirenze.it\/#website\"},\"datePublished\":\"2025-04-23T09:39:47+00:00\",\"dateModified\":\"2025-12-01T14:38:28+00:00\",\"description\":\"Mettiti in contatto con noi per scoprire i nostri servizi per aziende e privati\",\"breadcrumb\":{\"@id\":\"https:\/\/www.europaservicefirenze.it\/index.php\/chi-siamo\/#breadcrumb\"},\"inLanguage\":\"it-IT\",\"potentialAction\":[{\"@type\":\"ReadAction\",\"target\":[\"https:\/\/www.europaservicefirenze.it\/index.php\/chi-siamo\/\"]}]},{\"@type\":\"BreadcrumbList\",\"@id\":\"https:\/\/www.europaservicefirenze.it\/index.php\/chi-siamo\/#breadcrumb\",\"itemListElement\":[{\"@type\":\"ListItem\",\"position\":1,\"name\":\"Home\",\"item\":\"https:\/\/www.europaservicefirenze.it\/\"},{\"@type\":\"ListItem\",\"position\":2,\"name\":\"Chi Siamo\"}]},{\"@type\":\"WebSite\",\"@id\":\"https:\/\/www.europaservicefirenze.it\/#website\",\"url\":\"https:\/\/www.europaservicefirenze.it\/\",\"name\":\"Europa Mugello Pulizie Service\",\"description\":\"\",\"publisher\":{\"@id\":\"https:\/\/www.europaservicefirenze.it\/#organization\"},\"potentialAction\":[{\"@type\":\"SearchAction\",\"target\":{\"@type\":\"EntryPoint\",\"urlTemplate\":\"https:\/\/www.europaservicefirenze.it\/?s={search_term_string}\"},\"query-input\":{\"@type\":\"PropertyValueSpecification\",\"valueRequired\":true,\"valueName\":\"search_term_string\"}}],\"inLanguage\":\"it-IT\"},{\"@type\":\"Organization\",\"@id\":\"https:\/\/www.europaservicefirenze.it\/#organization\",\"name\":\"Europa Mugello Pulizie Service\",\"url\":\"https:\/\/www.europaservicefirenze.it\/\",\"logo\":{\"@type\":\"ImageObject\",\"inLanguage\":\"it-IT\",\"@id\":\"https:\/\/www.europaservicefirenze.it\/#\/schema\/logo\/image\/\",\"url\":\"https:\/\/www.europaservicefirenze.it\/wp-content\/uploads\/2025\/05\/logo-europa-service-2-02.png\",\"contentUrl\":\"https:\/\/www.europaservicefirenze.it\/wp-content\/uploads\/2025\/05\/logo-europa-service-2-02.png\",\"width\":272,\"height\":109,\"caption\":\"Europa Mugello Pulizie Service\"},\"image\":{\"@id\":\"https:\/\/www.europaservicefirenze.it\/#\/schema\/logo\/image\/\"},\"sameAs\":[\"https:\/\/www.facebook.com\/europaservicefirenze\/\"]}]}<\/script>\n<!-- \/ Yoast SEO plugin. -->","yoast_head_json":{"title":"Chi Siamo - Europa Service","description":"Mettiti in contatto con noi per scoprire i nostri servizi per aziende e privati","robots":{"index":"index","follow":"follow","max-snippet":"max-snippet:-1","max-image-preview":"max-image-preview:large","max-video-preview":"max-video-preview:-1"},"canonical":"https:\/\/www.europaservicefirenze.it\/index.php\/chi-siamo\/","og_locale":"it_IT","og_type":"article","og_title":"Chi Siamo - Europa Service","og_description":"Mettiti in contatto con noi per scoprire i nostri servizi per aziende e privati","og_url":"https:\/\/www.europaservicefirenze.it\/index.php\/chi-siamo\/","og_site_name":"Europa Service","article_publisher":"https:\/\/www.facebook.com\/europaservicefirenze\/","article_modified_time":"2025-12-01T14:38:28+00:00","twitter_card":"summary_large_image","twitter_misc":{"Tempo di lettura stimato":"2 minuti"},"schema":{"@context":"https:\/\/schema.org","@graph":[{"@type":"WebPage","@id":"https:\/\/www.europaservicefirenze.it\/index.php\/chi-siamo\/","url":"https:\/\/www.europaservicefirenze.it\/index.php\/chi-siamo\/","name":"Chi Siamo - Europa Service","isPartOf":{"@id":"https:\/\/www.europaservicefirenze.it\/#website"},"datePublished":"2025-04-23T09:39:47+00:00","dateModified":"2025-12-01T14:38:28+00:00","description":"Mettiti in contatto con noi per scoprire i nostri servizi per aziende e privati","breadcrumb":{"@id":"https:\/\/www.europaservicefirenze.it\/index.php\/chi-siamo\/#breadcrumb"},"inLanguage":"it-IT","potentialAction":[{"@type":"ReadAction","target":["https:\/\/www.europaservicefirenze.it\/index.php\/chi-siamo\/"]}]},{"@type":"BreadcrumbList","@id":"https:\/\/www.europaservicefirenze.it\/index.php\/chi-siamo\/#breadcrumb","itemListElement":[{"@type":"ListItem","position":1,"name":"Home","item":"https:\/\/www.europaservicefirenze.it\/"},{"@type":"ListItem","position":2,"name":"Chi Siamo"}]},{"@type":"WebSite","@id":"https:\/\/www.europaservicefirenze.it\/#website","url":"https:\/\/www.europaservicefirenze.it\/","name":"Europa Mugello Pulizie Service","description":"","publisher":{"@id":"https:\/\/www.europaservicefirenze.it\/#organization"},"potentialAction":[{"@type":"SearchAction","target":{"@type":"EntryPoint","urlTemplate":"https:\/\/www.europaservicefirenze.it\/?s={search_term_string}"},"query-input":{"@type":"PropertyValueSpecification","valueRequired":true,"valueName":"search_term_string"}}],"inLanguage":"it-IT"},{"@type":"Organization","@id":"https:\/\/www.europaservicefirenze.it\/#organization","name":"Europa Mugello Pulizie Service","url":"https:\/\/www.europaservicefirenze.it\/","logo":{"@type":"ImageObject","inLanguage":"it-IT","@id":"https:\/\/www.europaservicefirenze.it\/#\/schema\/logo\/image\/","url":"https:\/\/www.europaservicefirenze.it\/wp-content\/uploads\/2025\/05\/logo-europa-service-2-02.png","contentUrl":"https:\/\/www.europaservicefirenze.it\/wp-content\/uploads\/2025\/05\/logo-europa-service-2-02.png","width":272,"height":109,"caption":"Europa Mugello Pulizie Service"},"image":{"@id":"https:\/\/www.europaservicefirenze.it\/#\/schema\/logo\/image\/"},"sameAs":["https:\/\/www.facebook.com\/europaservicefirenze\/"]}]}},"_links":{"self":[{"href":"https:\/\/www.europaservicefirenze.it\/index.php\/wp-json\/wp\/v2\/pages\/122","targetHints":{"allow":["GET"]}}],"collection":[{"href":"https:\/\/www.europaservicefirenze.it\/index.php\/wp-json\/wp\/v2\/pages"}],"about":[{"href":"https:\/\/www.europaservicefirenze.it\/index.php\/wp-json\/wp\/v2\/types\/page"}],"author":[{"embeddable":true,"href":"https:\/\/www.europaservicefirenze.it\/index.php\/wp-json\/wp\/v2\/users\/1"}],"replies":[{"embeddable":true,"href":"https:\/\/www.europaservicefirenze.it\/index.php\/wp-json\/wp\/v2\/comments?post=122"}],"version-history":[{"count":10,"href":"https:\/\/www.europaservicefirenze.it\/index.php\/wp-json\/wp\/v2\/pages\/122\/revisions"}],"predecessor-version":[{"id":489,"href":"https:\/\/www.europaservicefirenze.it\/index.php\/wp-json\/wp\/v2\/pages\/122\/revisions\/489"}],"wp:attachment":[{"href":"https:\/\/www.europaservicefirenze.it\/index.php\/wp-json\/wp\/v2\/media?parent=122"}],"curies":[{"name":"wp","href":"https:\/\/api.w.org\/{rel}","templated":true}]}}